{"id":26324,"date":"2021-04-21T12:55:06","date_gmt":"2021-04-21T11:55:06","guid":{"rendered":"https:\/\/mimaflor.es\/green-lovers-talent\/"},"modified":"2021-10-27T10:21:16","modified_gmt":"2021-10-27T09:21:16","slug":"green-lovers-talent","status":"publish","type":"page","link":"https:\/\/mimaflor.es\/en\/green-lovers-talent\/","title":{"rendered":"Green Lovers Talent"},"content":{"rendered":"<div class=\"contenido\">\n<p><strong>#GreenLoversTalent<\/strong> es un certamen de cocina donde podr\u00e1s explotar tu talento culinario! Prepara tus mejores recetas y participa en sorteos mensuales en los que <strong>recibir\u00e1s una selecci\u00f3n de productos del chef estrella Michel\u00edn Rodrigo de la Calle.<\/strong><\/p>\n<\/div>\n<p><strong>\u00a0<\/strong><\/p>\n","protected":false},"excerpt":{"rendered":"<p>#GreenLoversTalent es un certamen de cocina donde podr\u00e1s explotar tu talento culinario! Prepara tus mejores recetas y participa en sorteos mensuales en los que recibir\u00e1s una selecci\u00f3n de productos del chef estrella Michel\u00edn Rodrigo de la Calle. \u00a0<\/p>\n","protected":false},"author":1,"featured_media":0,"parent":0,"menu_order":0,"comment_status":"closed","ping_status":"closed","template":"plantilla_contador_talent.php","meta":{"_acf_changed":false,"inline_featured_image":false,"footnotes":""},"class_list":["post-26324","page","type-page","status-publish","hentry"],"acf":[],"_links":{"self":[{"href":"https:\/\/mimaflor.es\/en\/wp-json\/wp\/v2\/pages\/26324","targetHints":{"allow":["GET"]}}],"collection":[{"href":"https:\/\/mimaflor.es\/en\/wp-json\/wp\/v2\/pages"}],"about":[{"href":"https:\/\/mimaflor.es\/en\/wp-json\/wp\/v2\/types\/page"}],"author":[{"embeddable":true,"href":"https:\/\/mimaflor.es\/en\/wp-json\/wp\/v2\/users\/1"}],"replies":[{"embeddable":true,"href":"https:\/\/mimaflor.es\/en\/wp-json\/wp\/v2\/comments?post=26324"}],"version-history":[{"count":0,"href":"https:\/\/mimaflor.es\/en\/wp-json\/wp\/v2\/pages\/26324\/revisions"}],"wp:attachment":[{"href":"https:\/\/mimaflor.es\/en\/wp-json\/wp\/v2\/media?parent=26324"}],"curies":[{"name":"wp","href":"https:\/\/api.w.org\/{rel}","templated":true}]}}